{"id":43,"date":"2022-12-09T00:25:23","date_gmt":"2022-12-08T23:25:23","guid":{"rendered":"https:\/\/sibeconseil.com\/?page_id=43"},"modified":"2022-12-09T00:25:23","modified_gmt":"2022-12-08T23:25:23","slug":"home","status":"publish","type":"page","link":"https:\/\/sibeconseil.com\/","title":{"rendered":"Home"},"content":{"rendered":"\n<div class=\"wp-block-cover alignfull is-light kenta-business-hero\" style=\"min-height:400px;aspect-ratio:unset;\"><span aria-hidden=\"true\" class=\"wp-block-cover__background has-background-dim-100 has-background-dim has-background-gradient\" style=\"background:linear-gradient(180deg,#d3f0ff 0%,#f2f2fc 100%)\"><\/span><div class=\"wp-block-cover__inner-container is-layout-flow wp-block-cover-is-layout-flow\">\n<div style=\"height:80px\" aria-hidden=\"true\" class=\"wp-block-spacer\"><\/div>\n\n\n\n<div class=\"wp-block-columns align-items-center is-layout-flex wp-container-core-columns-is-layout-9d6595d7 wp-block-columns-is-layout-flex\">\n<div class=\"wp-block-column is-layout-flow wp-block-column-is-layout-flow\" style=\"flex-basis:60%\">\n<h1 class=\"has-text-align-center wp-block-heading\">Suite CRM et ERP Cloud 100% libre<\/h1>\n\n\n\n<h2 class=\"has-text-align-center wp-block-heading\">G\u00e9rer votre entreprise, du marketing \u00e0 la comptabilit\u00e9<\/h2>\n\n\n\n<p class=\"has-text-align-center\">\u2665\u2665\u2665<strong>\u00a0Le logiciel Open Source\u00a0<a rel=\"noreferrer noopener\" href=\"https:\/\/www.dolibarr.org\/\" target=\"_blank\">Dolibarr<\/a><br>\u2665\u2665\u2665\u00a0Tous les services du SaaS dans un Cloud souverain<br>\u2665\u2665\u2665\u00a0La libert\u00e9 d&rsquo;acc\u00e8s\/modification du PaaS<\/strong><\/p>\n\n\n\n<div style=\"height:12px\" aria-hidden=\"true\" class=\"wp-block-spacer\"><\/div>\n\n\n\n<div class=\"wp-block-buttons is-content-justification-center is-layout-flex wp-container-core-buttons-is-layout-16018d1d wp-block-buttons-is-layout-flex\">\n<div class=\"wp-block-button uppercase\"><a class=\"wp-block-button__link wp-element-button\">je teste gratuitement<\/a><\/div>\n<\/div>\n<\/div>\n\n\n\n<div class=\"wp-block-column is-layout-flow wp-block-column-is-layout-flow\" style=\"flex-basis:40%\">\n<figure class=\"wp-block-image size-full\"><img decoding=\"async\" src=\"https:\/\/sibeconseil.com\/wp-content\/themes\/kenta-business\/assets\/images\/hero-image.png\" alt=\"\" class=\"wp-image-84\"\/><\/figure>\n<\/div>\n<\/div>\n\n\n\n<div style=\"height:68px\" aria-hidden=\"true\" class=\"wp-block-spacer\"><\/div>\n<\/div><\/div>\n\n\n\n<div style=\"height:36px\" aria-hidden=\"true\" class=\"wp-block-spacer\"><\/div>\n\n\n\n<div class=\"wp-block-columns kenta-business-features is-layout-flex wp-container-core-columns-is-layout-9d6595d7 wp-block-columns-is-layout-flex\">\n<div class=\"wp-block-column p-gutter has-kenta-base-background-color has-background is-layout-flow wp-block-column-is-layout-flow\">\n<figure class=\"wp-block-image size-full has-text-align-center\"><img decoding=\"async\" src=\"https:\/\/sibeconseil.com\/wp-content\/themes\/kenta-business\/assets\/images\/feature-design.png\" alt=\"\" class=\"wp-image-154\"\/><\/figure>\n\n\n\n<h4 class=\"has-text-align-center mt-0 wp-block-heading\" style=\"font-size:24px\">Simple et accessible<\/h4>\n\n\n\n<p class=\"has-text-align-center\">Un logiciel con\u00e7u pour une prise en main imm\u00e9diate, sans formation. Rapide et optimis\u00e9 pour l&rsquo;acc\u00e8s multiposte, mobile et multi-utilisateur.<\/p>\n<\/div>\n\n\n\n<div class=\"wp-block-column p-gutter has-kenta-base-background-color has-background is-layout-flow wp-block-column-is-layout-flow\">\n<figure class=\"wp-block-image size-full has-text-align-center\"><img decoding=\"async\" src=\"https:\/\/sibeconseil.com\/wp-content\/themes\/kenta-business\/assets\/images\/feature-code.png\" alt=\"\" class=\"wp-image-155\"\/><\/figure>\n\n\n\n<h4 class=\"has-text-align-center mt-0 wp-block-heading\" style=\"font-size:24px\">Une Solution souveraine et p\u00e9renne<\/h4>\n\n\n\n<p class=\"has-text-align-center\">D\u00e9velopp\u00e9 en Open Source, h\u00e9berg\u00e9 sur des serveurs ultras\u00e9curis\u00e9s \u00e0 travers le globe, personnalisable, extensible et interop\u00e9rable, vous gardez le contr\u00f4le de vos donn\u00e9es. <\/p>\n<\/div>\n\n\n\n<div class=\"wp-block-column p-gutter has-kenta-base-background-color has-background is-layout-flow wp-block-column-is-layout-flow\">\n<figure class=\"wp-block-image size-full has-text-align-center\"><img decoding=\"async\" src=\"https:\/\/sibeconseil.com\/wp-content\/themes\/kenta-business\/assets\/images\/feature-marketing.png\" alt=\"\" class=\"wp-image-156\"\/><\/figure>\n\n\n\n<h4 class=\"has-text-align-center mt-0 wp-block-heading\" style=\"font-size:24px\">Un Progiciel de Gestion Int\u00e9gr\u00e9 complet<\/h4>\n\n\n\n<p>Adaptable \u00e0 toute activit\u00e9 (de l&rsquo;Auto-entrepreneur au Grand Groupe), activez les fonctionnalit\u00e9s dont vous avez besoin<\/p>\n<\/div>\n<\/div>\n\n\n\n<div style=\"height:48px\" aria-hidden=\"true\" class=\"wp-block-spacer\"><\/div>\n\n\n\n<div class=\"wp-block-cover alignfull\" style=\"min-height:680px;aspect-ratio:unset;\"><span aria-hidden=\"true\" class=\"wp-block-cover__background has-kenta-base-background-color has-background-dim-100 has-background-dim\"><\/span><div class=\"wp-block-cover__inner-container is-layout-flow wp-block-cover-is-layout-flow\">\n<div class=\"wp-block-media-text alignwide is-stacked-on-mobile has-kenta-accent-color has-text-color\" style=\"grid-template-columns:40% auto\"><figure class=\"wp-block-media-text__media\"><img decoding=\"async\" src=\"https:\/\/sibeconseil.com\/wp-content\/themes\/kenta-business\/assets\/images\/media-1.jpg\" alt=\"\" class=\"wp-image-234 size-full\"\/><\/figure><div class=\"wp-block-media-text__content\">\n<div class=\"wp-block-group kenta-business-heading\"><div class=\"wp-block-group__inner-container is-layout-flow wp-block-group-is-layout-flow\">\n<div class=\"wp-block-group is-content-justification-left is-nowrap is-layout-flex wp-container-core-group-is-layout-f56a869c wp-block-group-is-layout-flex\">\n<p class=\"kenta-business-heading-badge has-kenta-primary-color has-text-color\">A propos de nous<\/p>\n<\/div>\n\n\n\n<h2 class=\"has-text-align-left kenta-business-heading-title wp-block-heading\">Nous garantissons votre croissance<\/h2>\n\n\n\n<p class=\"has-text-align-left\">Notre projet est une vision \u00e0 360\u00b0 de l&rsquo;accompagnement des entreprises.<\/p>\n<\/div><\/div>\n\n\n\n<ul class=\"wp-block-list\">\n<li>Nous \u00e9tudions votre activit\u00e9<\/li>\n\n\n\n<li>D\u00e9finissons un cahier de charge<\/li>\n\n\n\n<li>Param\u00e9trions votre ERP CRM dans le cloud<\/li>\n\n\n\n<li>Vous accompagnons dans vos formalit\u00e9s d\u00e9claratives<\/li>\n\n\n\n<li>vous garantissons la tenue comptable \u00e0 jour de votre activit\u00e9<\/li>\n<\/ul>\n\n\n\n<div class=\"wp-block-buttons is-layout-flex wp-block-buttons-is-layout-flex\">\n<div class=\"wp-block-button\"><a class=\"wp-block-button__link wp-element-button\">About Us<\/a><\/div>\n<\/div>\n<\/div><\/div>\n<\/div><\/div>\n\n\n\n<div style=\"height:48px\" aria-hidden=\"true\" class=\"wp-block-spacer\"><\/div>\n\n\n\n<div class=\"wp-block-group kenta-business-heading\"><div class=\"wp-block-group__inner-container is-layout-constrained wp-block-group-is-layout-constrained\">\n<h2 class=\"has-text-align-center kenta-business-heading-title wp-block-heading\">Les fonctionnalit\u00e9s<\/h2>\n\n\n\n<p class=\"has-text-align-center kenta-business-heading-desc\">Votre entreprise trouvera ses solutions via les modules fonctionnels suivants :<\/p>\n<\/div><\/div>\n\n\n\n<div class=\"wp-block-columns kenta-business-cards is-layout-flex wp-container-core-columns-is-layout-9d6595d7 wp-block-columns-is-layout-flex\">\n<div class=\"wp-block-column is-layout-flow wp-block-column-is-layout-flow\">\n<div class=\"wp-block-group kenta-business-heading\"><div class=\"wp-block-group__inner-container is-layout-flow wp-block-group-is-layout-flow\">\n<div class=\"wp-block-group is-nowrap is-layout-flex wp-container-core-group-is-layout-ad2f72ca wp-block-group-is-layout-flex\">\n<h3 class=\"wp-block-heading\">CRM&nbsp;&amp; Ventes<\/h3>\n\n\n\n<p>&#8230;<\/p>\n<\/div>\n\n\n\n<p>Prospects \/ Clients<\/p>\n\n\n\n<p>Opportunit\u00e9s<\/p>\n\n\n\n<p>Devis<\/p>\n\n\n\n<p>Commandes<\/p>\n\n\n\n<p>Contrats \/ Abonnements<\/p>\n\n\n\n<p>Service d&rsquo;assistance \/ billets<\/p>\n<\/div><\/div>\n<\/div>\n\n\n\n<div class=\"wp-block-column is-layout-flow wp-block-column-is-layout-flow\">\n<div class=\"wp-block-group kenta-business-heading\"><div class=\"wp-block-group__inner-container is-layout-flow wp-block-group-is-layout-flow\">\n<h4 class=\"kenta-business-heading-title has-medium-font-size wp-block-heading\">Ressources Humaines (RH)<\/h4>\n\n\n\n<p>Employ\u00e9s<\/p>\n\n\n\n<p>Notes de frais<\/p>\n\n\n\n<p>Demandes de cong\u00e9<\/p>\n\n\n\n<p>Feuilles de temps<\/p>\n\n\n\n<p>Recrutement<\/p>\n<\/div><\/div>\n<\/div>\n\n\n\n<div class=\"wp-block-column is-layout-flow wp-block-column-is-layout-flow\">\n<div class=\"wp-block-group kenta-business-heading\"><div class=\"wp-block-group__inner-container is-layout-flow wp-block-group-is-layout-flow\">\n<h4 class=\"kenta-business-heading-title has-medium-font-size wp-block-heading\">Produit &amp; Stock<\/h4>\n\n\n\n<p>Produits, Services<\/p>\n\n\n\n<p>Stocks<\/p>\n\n\n\n<p>Achat, approvisionnement<\/p>\n\n\n\n<p>Exp\u00e9ditions<\/p>\n\n\n\n<p>Fabrication<\/p>\n<\/div><\/div>\n<\/div>\n<\/div>\n\n\n\n<div class=\"wp-block-columns kenta-business-cards is-layout-flex wp-container-core-columns-is-layout-9d6595d7 wp-block-columns-is-layout-flex\">\n<div class=\"wp-block-column is-layout-flow wp-block-column-is-layout-flow\">\n<div class=\"wp-block-group kenta-business-heading\"><div class=\"wp-block-group__inner-container is-layout-flow wp-block-group-is-layout-flow\">\n<h4 class=\"kenta-business-heading-title has-medium-font-size wp-block-heading\">Finance &amp; Facturation<\/h4>\n\n\n\n<p>Facturation &amp; Paiements<\/p>\n\n\n\n<p>Rapprochement bancaire<\/p>\n\n\n\n<p>Comptabilit\u00e9 \u00e0 double entr\u00e9e<\/p>\n<\/div><\/div>\n\n\n\n<p><\/p>\n\n\n\n<h4 class=\"kenta-business-heading-title has-medium-font-size wp-block-heading\">Int\u00e9gration, D\u00e9veloppement<\/h4>\n\n\n\n<p>Projets, T\u00e2ches<\/p>\n\n\n\n<p>Interventions<\/p>\n\n\n\n<p>Agenda<\/p>\n<\/div>\n\n\n\n<div class=\"wp-block-column is-layout-flow wp-block-column-is-layout-flow\">\n<div class=\"wp-block-group kenta-business-heading\"><div class=\"wp-block-group__inner-container is-layout-flow wp-block-group-is-layout-flow\">\n<h4 class=\"kenta-business-heading-title has-medium-font-size wp-block-heading\">Marketing<\/h4>\n\n\n\n<p>Emailing<\/p>\n\n\n\n<p>Enqu\u00eates<\/p>\n<\/div><\/div>\n<\/div>\n\n\n\n<div class=\"wp-block-column is-layout-flow wp-block-column-is-layout-flow\">\n<div class=\"wp-block-group kenta-business-heading\"><div class=\"wp-block-group__inner-container is-layout-flow wp-block-group-is-layout-flow\">\n<h4 class=\"kenta-business-heading-title has-medium-font-size wp-block-heading\">Productivit\u00e9<\/h4>\n\n\n\n<p>Projets, T\u00e2ches<\/p>\n\n\n\n<p>Interventions<\/p>\n\n\n\n<p>Agenda<\/p>\n\n\n\n<p><\/p>\n<\/div><\/div>\n\n\n\n<div class=\"wp-block-group kenta-business-heading\"><div class=\"wp-block-group__inner-container is-layout-flow wp-block-group-is-layout-flow\"><\/div><\/div>\n<\/div>\n<\/div>\n\n\n\n<div class=\"wp-block-group kenta-business-heading\"><div class=\"wp-block-group__inner-container is-layout-flow wp-block-group-is-layout-flow\">\n<h2 class=\"has-text-align-center kenta-business-heading-title wp-block-heading\">Nos clients<\/h2>\n\n\n\n<p class=\"has-text-align-center kenta-business-heading-desc\">Lorem ipsum dolor sit amet, consectetur adipiscing elit, sed do eiusmod tempor incididunt ut labore et dolore magna aliqua.<\/p>\n<\/div><\/div>\n\n\n\n<div class=\"wp-block-columns kenta-business-team is-layout-flex wp-container-core-columns-is-layout-9d6595d7 wp-block-columns-is-layout-flex\">\n<div class=\"wp-block-column is-layout-flow wp-block-column-is-layout-flow\">\n<div class=\"wp-block-cover is-light has-custom-content-position is-position-bottom-center\" style=\"min-height:430px;aspect-ratio:unset;\"><span aria-hidden=\"true\" class=\"wp-block-cover__background has-kenta-accent-background-color has-background-dim\"><\/span><img decoding=\"async\" class=\"wp-block-cover__image-background wp-image-332\" alt=\"\" src=\"https:\/\/sibeconseil.com\/wp-content\/themes\/kenta-business\/assets\/images\/team-01.jpg\" data-object-fit=\"cover\"\/><div class=\"wp-block-cover__inner-container is-layout-flow wp-block-cover-is-layout-flow\">\n<div class=\"wp-block-group kenta-business-heading\"><div class=\"wp-block-group__inner-container is-layout-flow wp-block-group-is-layout-flow\">\n<div class=\"wp-block-group is-content-justification-center is-nowrap is-layout-flex wp-container-core-group-is-layout-94bc23d7 wp-block-group-is-layout-flex\">\n<p class=\"kenta-business-heading-badge has-kenta-primary-color has-text-color\">Architecte d&rsquo;int\u00e9rieur<\/p>\n<\/div>\n\n\n\n<h4 class=\"has-text-align-center kenta-business-heading-title has-white-color has-text-color wp-block-heading\"><em>\u00ab\u00a0On s&rsquo;est tourn\u00e9 vers Dolibarr, un ERP open-source port\u00e9 par des d\u00e9veloppeurs passionn\u00e9s. En parall\u00e8le, on a confi\u00e9 l&rsquo;h\u00e9bergement \u00e0 Sibeconseil. \u00ab\u00a0<\/em><\/h4>\n<\/div><\/div>\n<\/div><\/div>\n<\/div>\n\n\n\n<div class=\"wp-block-column is-layout-flow wp-block-column-is-layout-flow\">\n<div class=\"wp-block-cover is-light has-custom-content-position is-position-bottom-center\" style=\"min-height:430px;aspect-ratio:unset;\"><span aria-hidden=\"true\" class=\"wp-block-cover__background has-kenta-accent-background-color has-background-dim\"><\/span><img decoding=\"async\" class=\"wp-block-cover__image-background wp-image-329\" alt=\"\" src=\"https:\/\/sibeconseil.com\/wp-content\/themes\/kenta-business\/assets\/images\/team-02.jpg\" data-object-fit=\"cover\"\/><div class=\"wp-block-cover__inner-container is-layout-flow wp-block-cover-is-layout-flow\">\n<div class=\"wp-block-group kenta-business-heading\"><div class=\"wp-block-group__inner-container is-layout-flow wp-block-group-is-layout-flow\">\n<div class=\"wp-block-group is-content-justification-center is-nowrap is-layout-flex wp-container-core-group-is-layout-94bc23d7 wp-block-group-is-layout-flex\">\n<p class=\"kenta-business-heading-badge has-kenta-primary-color has-text-color\">Charg\u00e9e Logistique<\/p>\n<\/div>\n\n\n\n<h4 class=\"has-text-align-center kenta-business-heading-title has-white-color has-text-color wp-block-heading\"><em>\u00ab\u00a0Gr\u00e2ce \u00e0 Dolibarr, je g\u00e8re au mieux les stocks de mes entrep\u00f4ts.\u00a0\u00bb<\/em><\/h4>\n<\/div><\/div>\n<\/div><\/div>\n<\/div>\n\n\n\n<div class=\"wp-block-column is-layout-flow wp-block-column-is-layout-flow\">\n<div class=\"wp-block-cover is-light has-custom-content-position is-position-bottom-center\" style=\"min-height:430px;aspect-ratio:unset;\"><span aria-hidden=\"true\" class=\"wp-block-cover__background has-kenta-accent-background-color has-background-dim\"><\/span><img decoding=\"async\" class=\"wp-block-cover__image-background wp-image-334\" alt=\"\" src=\"https:\/\/sibeconseil.com\/wp-content\/themes\/kenta-business\/assets\/images\/team-03.jpg\" data-object-fit=\"cover\"\/><div class=\"wp-block-cover__inner-container is-layout-flow wp-block-cover-is-layout-flow\">\n<div class=\"wp-block-group kenta-business-heading\"><div class=\"wp-block-group__inner-container is-layout-flow wp-block-group-is-layout-flow\">\n<div class=\"wp-block-group is-content-justification-center is-nowrap is-layout-flex wp-container-core-group-is-layout-94bc23d7 wp-block-group-is-layout-flex\">\n<p class=\"kenta-business-heading-badge has-kenta-primary-color has-text-color\">Entrepreneure<\/p>\n<\/div>\n\n\n\n<h4 class=\"has-text-align-center kenta-business-heading-title has-white-color has-text-color wp-block-heading\"><em>\u00ab\u00a0Le fait d&rsquo;\u00eatre avec Dolicloud permet d&rsquo;avoir acc\u00e8s \u00e0 Dolibarr peu importe o\u00f9 je me trouve. Et d&rsquo;avoir les mises \u00e0 jour r\u00e9guli\u00e8rement sans m&rsquo;y conna\u00eetre en informatique. Je le recommande \u00e0 300%.\u00a0\u00bb<\/em><\/h4>\n<\/div><\/div>\n<\/div><\/div>\n<\/div>\n<\/div>\n\n\n\n<div style=\"height:48px\" aria-hidden=\"true\" class=\"wp-block-spacer\"><\/div>\n\n\n\n<div class=\"wp-block-group kenta-business-heading\"><div class=\"wp-block-group__inner-container is-layout-flow wp-block-group-is-layout-flow\">\n<div class=\"wp-block-group is-content-justification-center is-nowrap is-layout-flex wp-container-core-group-is-layout-94bc23d7 wp-block-group-is-layout-flex\">\n<p class=\"kenta-business-heading-badge\">Offre<\/p>\n<\/div>\n\n\n\n<h2 class=\"has-text-align-center kenta-business-heading-title wp-block-heading\">Vous \u00eates une soci\u00e9t\u00e9 (TPE, PME), lib\u00e9ral, micro-entreprise ou association<\/h2>\n\n\n\n<p class=\"has-text-align-center kenta-business-heading-desc\">Plus de 100 applications pour le prix d&rsquo;1 seule !<\/p>\n<\/div><\/div>\n\n\n\n<div class=\"wp-block-columns kenta-business-pricing-table kenta-business-features is-layout-flex wp-container-core-columns-is-layout-9d6595d7 wp-block-columns-is-layout-flex\">\n<div class=\"wp-block-column p-gutter has-kenta-base-background-color has-background is-layout-flow wp-block-column-is-layout-flow\">\n<h3 class=\"has-text-align-center mt-0 mb-half-gutter wp-block-heading\" style=\"text-transform:uppercase\">DOLIBARR BASIC<\/h3>\n\n\n\n<p class=\"has-text-align-center mt-0\">Pour un usage personnel ou micro entreprises<\/p>\n\n\n\n<div class=\"wp-block-group kenta-business-price is-content-justification-center is-nowrap is-layout-flex wp-container-core-group-is-layout-94bc23d7 wp-block-group-is-layout-flex\">\n<p class=\"price m-0 has-x-large-font-size\"><mark style=\"background-color:rgba(0, 0, 0, 0)\" class=\"has-inline-color has-kenta-primary-color\">20 000 Fcfa<\/mark><\/p>\n\n\n\n<p class=\"period m-0\">\/mois<\/p>\n<\/div>\n\n\n\n<hr class=\"wp-block-separator has-alpha-channel-opacity is-style-default\"\/>\n\n\n\n<ul class=\"wp-block-list\">\n<li>Tous les modules de Dolibarr\u00a0(modules officiels &#8211;\u00a0<a rel=\"noreferrer noopener\" href=\"https:\/\/www.dolibarr.org\/index.php?lang=fr&amp;l=fr#features\" target=\"_blank\">exemples<\/a>)<\/li>\n\n\n\n<li>\u00a0Accessibilit\u00e9 depuis tout acc\u00e8s internet, tout navigateur, tout OS<\/li>\n\n\n\n<li>Disponibilit\u00e9 24\/7<\/li>\n\n\n\n<li>4 GB\u00a0(environ 80 000 factures standards, 2 000 Fcfa chaque extra GB)<\/li>\n\n\n\n<li>2 000 appels d&rsquo;API par mois<\/li>\n\n\n\n<li><\/li>\n\n\n\n<li>4 GB\u00a0(environ 80 000 factures standards, 2 000 Fcfa chaque extra GB)<\/li>\n\n\n\n<li>250 emails envoy\u00e9s \/ jour<\/li>\n\n\n\n<li>Sauvegardes journali\u00e8res\u00a0(30 jours glissant)<\/li>\n<\/ul>\n\n\n\n<div class=\"wp-block-buttons is-content-justification-center is-layout-flex wp-container-core-buttons-is-layout-16018d1d wp-block-buttons-is-layout-flex\">\n<div class=\"wp-block-button price-action\"><a class=\"wp-block-button__link wp-element-button\">Installez Maintenant<\/a><\/div>\n<\/div>\n<\/div>\n\n\n\n<div class=\"wp-block-column p-gutter active has-kenta-base-background-color has-background is-layout-flow wp-block-column-is-layout-flow\">\n<h3 class=\"has-text-align-center mt-0 mb-half-gutter wp-block-heading\" style=\"text-transform:uppercase\">DOLIBARR PREMIUM<\/h3>\n\n\n\n<p class=\"has-text-align-center mt-0\">Pour tous<\/p>\n\n\n\n<div class=\"wp-block-group kenta-business-price is-content-justification-center is-nowrap is-layout-flex wp-container-core-group-is-layout-94bc23d7 wp-block-group-is-layout-flex\">\n<p class=\"price m-0 has-x-large-font-size\"><mark style=\"background-color:rgba(0, 0, 0, 0)\" class=\"has-inline-color has-kenta-primary-color\">50 000 Fcfa<\/mark><\/p>\n\n\n\n<p class=\"period m-0\">\/mois<\/p>\n<\/div>\n\n\n\n<hr class=\"wp-block-separator has-alpha-channel-opacity is-style-default\"\/>\n\n\n\n<ul class=\"wp-block-list\">\n<li>Tous les modules de Dolibarr&nbsp;(modules officiels &#8211;&nbsp;<a rel=\"noreferrer noopener\" href=\"https:\/\/www.dolibarr.org\/index.php?lang=fr&amp;l=fr#features\" target=\"_blank\">exemples<\/a>)<\/li>\n\n\n\n<li>&nbsp;Accessibilit\u00e9 depuis tout acc\u00e8s internet, tout navigateur, tout OS<\/li>\n\n\n\n<li>Disponibilit\u00e9 24\/7<\/li>\n\n\n\n<li>4 GB&nbsp;(environ 80 000 factures standards, 2 000 Fcfa chaque extra GB)<\/li>\n\n\n\n<li>2 000 appels d&rsquo;API par mois<\/li>\n\n\n\n<li><\/li>\n\n\n\n<li>4 GB&nbsp;(environ 80 000 factures standards, 2 000 Fcfa chaque extra GB)<\/li>\n\n\n\n<li>250 emails envoy\u00e9s \/ jour<\/li>\n\n\n\n<li>Sauvegardes journali\u00e8res&nbsp;(30 jours glissant)<\/li>\n<\/ul>\n\n\n\n<div class=\"wp-block-buttons is-content-justification-center is-layout-flex wp-container-core-buttons-is-layout-16018d1d wp-block-buttons-is-layout-flex\">\n<div class=\"wp-block-button price-action\"><a class=\"wp-block-button__link wp-element-button\">Installez Maintenant<\/a><\/div>\n<\/div>\n<\/div>\n<\/div>\n\n\n\n<div style=\"height:48px\" aria-hidden=\"true\" class=\"wp-block-spacer\"><\/div>\n\n\n\n<div class=\"wp-block-cover alignfull is-light\"><span aria-hidden=\"true\" class=\"wp-block-cover__background has-background-dim-100 has-background-dim has-background-gradient\" style=\"background:linear-gradient(135deg,rgb(211,240,255) 0%,rgb(242,242,252) 100%)\"><\/span><div class=\"wp-block-cover__inner-container is-layout-flow wp-block-cover-is-layout-flow\">\n<div class=\"wp-block-group kenta-business-heading\"><div class=\"wp-block-group__inner-container is-layout-flow wp-block-group-is-layout-flow\">\n<div class=\"wp-block-group is-content-justification-center is-nowrap is-layout-flex wp-container-core-group-is-layout-94bc23d7 wp-block-group-is-layout-flex\">\n<p class=\"kenta-business-heading-badge has-kenta-primary-color has-text-color\">Travaillons ensemble d\u00e8s aujourd&rsquo;hui<\/p>\n<\/div>\n\n\n\n<h2 class=\"has-text-align-center kenta-business-heading-title wp-block-heading\">Laissez nous vous embarquer dans la gestion 2.0<\/h2>\n\n\n\n<p class=\"has-text-align-center kenta-business-heading-desc\">L&rsquo;ouverture du code rend possible la recherche et l&rsquo;int\u00e9gration de nombreuses optimisations permettant \u00e0 la solution de consommer moins de m\u00e9moire, d&rsquo;espace disque et d&rsquo;\u00e9lectricit\u00e9 qu&rsquo;une autre solution \u00e0 fonctionnalit\u00e9s \u00e9quivalentes<\/p>\n\n\n\n<div class=\"wp-block-buttons is-content-justification-center is-layout-flex wp-container-core-buttons-is-layout-16018d1d wp-block-buttons-is-layout-flex\">\n<div class=\"wp-block-button is-style-outline is-style-outline--1\"><a class=\"wp-block-button__link wp-element-button\" style=\"border-radius:100px\">Contactez-Nous ici<\/a><\/div>\n<\/div>\n<\/div><\/div>\n<\/div><\/div>\n","protected":false},"excerpt":{"rendered":"<p>Simple et accessible Un logiciel con\u00e7u pour une prise en main imm\u00e9diate, sans formation. Rapide et optimis\u00e9 pour l&rsquo;acc\u00e8s multiposte, mobile et multi-utilisateur. Une Solution souveraine et p\u00e9renne D\u00e9velopp\u00e9 en Open Source, h\u00e9berg\u00e9 sur des serveurs ultras\u00e9curis\u00e9s \u00e0 travers le globe, personnalisable, extensible et interop\u00e9rable, vous gardez le contr\u00f4le de vos donn\u00e9es. Un Progiciel de [&hellip;]<\/p>\n","protected":false},"author":1,"featured_media":0,"parent":0,"menu_order":0,"comment_status":"closed","ping_status":"closed","template":"page-templates\/homepage.php","meta":{"site-container-style":"default","site-container-layout":"default","site-sidebar-layout":"default","site-transparent-header":"default","disable-article-header":"default","disable-site-header":"default","disable-site-footer":"default","disable-content-area-spacing":"default","footnotes":""},"class_list":["post-43","page","type-page","status-publish","hentry"],"_links":{"self":[{"href":"https:\/\/sibeconseil.com\/index.php\/wp-json\/wp\/v2\/pages\/43","targetHints":{"allow":["GET"]}}],"collection":[{"href":"https:\/\/sibeconseil.com\/index.php\/wp-json\/wp\/v2\/pages"}],"about":[{"href":"https:\/\/sibeconseil.com\/index.php\/wp-json\/wp\/v2\/types\/page"}],"author":[{"embeddable":true,"href":"https:\/\/sibeconseil.com\/index.php\/wp-json\/wp\/v2\/users\/1"}],"replies":[{"embeddable":true,"href":"https:\/\/sibeconseil.com\/index.php\/wp-json\/wp\/v2\/comments?post=43"}],"version-history":[{"count":3,"href":"https:\/\/sibeconseil.com\/index.php\/wp-json\/wp\/v2\/pages\/43\/revisions"}],"predecessor-version":[{"id":51,"href":"https:\/\/sibeconseil.com\/index.php\/wp-json\/wp\/v2\/pages\/43\/revisions\/51"}],"wp:attachment":[{"href":"https:\/\/sibeconseil.com\/index.php\/wp-json\/wp\/v2\/media?parent=43"}],"curies":[{"name":"wp","href":"https:\/\/api.w.org\/{rel}","templated":true}]}}